{"id":731,"date":"2017-07-18T16:07:20","date_gmt":"2017-07-18T13:07:20","guid":{"rendered":"http:\/\/einsener.ee\/avaleht\/"},"modified":"2024-05-07T00:24:49","modified_gmt":"2024-05-06T21:24:49","slug":"avaleht","status":"publish","type":"page","link":"https:\/\/www.einsener.ee\/en\/","title":{"rendered":"Avaleht"},"content":{"rendered":"<div class=\"wpb-content-wrapper\"><p>[vc_row full_width=&#8221;stretch_row_content&#8221; bg_type=&#8221;image&#8221; parallax_style=&#8221;vcpb-default&#8221; bg_image_new=&#8221;id^483|url^http:\/\/einsener.ee\/wp-content\/uploads\/2017\/07\/Insenerteenused-1.jpg|caption^null|alt^null|title^Insenerteenused|description^null&#8221; css=&#8221;.vc_custom_1502175016716{padding-top: 10% !important;padding-right: 20% !important;padding-bottom: 10% !important;padding-left: 20% !important;}&#8221;][vc_column][vc_row_inner css=&#8221;.vc_custom_1501058099747{padding-bottom: 5% !important;}&#8221;][vc_column_inner width=&#8221;1\/2&#8243;]<div id=\"ultimate-heading-163669e3583a1f9f1\" class=\"uvc-heading ult-adjust-bottom-margin ultimate-heading-163669e3583a1f9f1 uvc-4155 \" data-hspacer=\"no_spacer\"  data-halign=\"left\" style=\"text-align:left\"><div class=\"uvc-heading-spacer no_spacer\" style=\"top\"><\/div><div class=\"uvc-sub-heading ult-responsive\"  data-ultimate-target='.uvc-heading.ultimate-heading-163669e3583a1f9f1 .uvc-sub-heading '  data-responsive-json-new='{\"font-size\":\"desktop:18px;tablet:18px;tablet_portrait:18px;mobile_landscape:16px;mobile:16px;\",\"line-height\":\"desktop:25px;\"}'  style=\"font-family:&#039;Exo 2&#039;;font-weight:200;color:#ffffff;\">Ehitusinsener O\u00dc on uus l\u00e4henemine insenerteenuste turul. Omame pikaajalist kogemust erinevates valdkondades. Oleme tegelenud Tellija esindajana, omanikuj\u00e4relvalvena aga ka n\u00e4iteks \u00f6\u00f6klubi planeerimisega kui ka j\u00e4\u00e4karude polaariumi konstuktsioonide projekteerimisega \u2013 ja seda personaalselt, mitte kaudselt vahendades!<\/div><\/div>[vc_empty_space height=&#8221;30px&#8221;]<div id=\"ultimate-heading-736269e3583a1fa48\" class=\"uvc-heading ult-adjust-bottom-margin ultimate-heading-736269e3583a1fa48 uvc-6984 \" data-hspacer=\"no_spacer\"  data-halign=\"left\" style=\"text-align:left\"><div class=\"uvc-heading-spacer no_spacer\" style=\"top\"><\/div><div class=\"uvc-sub-heading ult-responsive\"  data-ultimate-target='.uvc-heading.ultimate-heading-736269e3583a1fa48 .uvc-sub-heading '  data-responsive-json-new='{\"font-size\":\"desktop:60px;tablet:25px;tablet_portrait:25px;mobile_landscape:25px;mobile:25px;\",\"line-height\":\"\"}'  style=\"font-family:&#039;Exo 2&#039;;font-weight:200;color:#ffffff;\"><strong>Insener<\/strong>teenused ja konsultatsioon<\/div><\/div>[\/vc_column_inner][vc_column_inner width=&#8221;1\/2&#8243;][\/vc_column_inner][\/vc_row_inner][\/vc_column][\/vc_row][vc_row equal_height=&#8221;yes&#8221; content_placement=&#8221;middle&#8221; enable_overlay=&#8221;enable_overlay_value&#8221; overlay_color=&#8221;rgba(31,53,76,0.8)&#8221; css=&#8221;.vc_custom_1502177573467{padding-top: 10% !important;padding-right: 10% !important;padding-bottom: 10% !important;padding-left: 10% !important;}&#8221;][vc_column css=&#8221;.vc_custom_1502176941299{background-position: center !important;background-repeat: no-repeat !important;background-size: contain !important;}&#8221;]<div id=\"ultimate-heading-195669e3583a1fa78\" class=\"uvc-heading ult-adjust-bottom-margin ultimate-heading-195669e3583a1fa78 uvc-5888 \" data-hspacer=\"no_spacer\"  data-halign=\"center\" style=\"text-align:center\"><div class=\"uvc-heading-spacer no_spacer\" style=\"top\"><\/div><div class=\"uvc-main-heading ult-responsive\"  data-ultimate-target='.uvc-heading.ultimate-heading-195669e3583a1fa78 h2'  data-responsive-json-new='{\"font-size\":\"desktop:60px;tablet:30px;tablet_portrait:30px;mobile_landscape:30px;mobile:30px;\",\"line-height\":\"\"}' ><h2 style=\"font-family:&#039;Exo 2&#039;;font-weight:600;color:#1f354c;\">Teenused<\/h2><\/div><div class=\"uvc-sub-heading ult-responsive\"  data-ultimate-target='.uvc-heading.ultimate-heading-195669e3583a1fa78 .uvc-sub-heading '  data-responsive-json-new='{\"font-size\":\"desktop:20px;tablet:15px;tablet_portrait:15px;mobile_landscape:15px;mobile:15px;\",\"line-height\":\"\"}'  style=\"font-family:&#039;Exo 2&#039;;font-weight:200;color:#1f354c;\">Meie poolt pakutavad teenused.<\/div><\/div>[\/vc_column][\/vc_row][vc_row full_width=&#8221;stretch_row_content&#8221; equal_height=&#8221;yes&#8221; content_placement=&#8221;bottom&#8221; enable_overlay=&#8221;enable_overlay_value&#8221; overlay_color=&#8221;rgba(31,53,76,0.8)&#8221;][vc_column width=&#8221;1\/3&#8243; css=&#8221;.vc_custom_1502177756778{padding-right: 10% !important;padding-left: 10% !important;background-position: center !important;background-repeat: no-repeat !important;background-size: contain !important;}&#8221;]<div class=\"aio-icon-component    style_2\"><a class=\"aio-icon-box-link\" href=\"http:\/\/einsener.ee\/teenused\/#Projekteerimise projektijuhtimine ja peaprojekteerimine\" ><div id=\"Info-box-wrap-9030\" class=\"aio-icon-box left-icon\" style=\"\"  ><div class=\"aio-icon-left\"><div class=\"ult-just-icon-wrapper  \"><div class=\"align-icon\" style=\"text-align:center;\">\n<div class=\"aio-icon none \" data-animation=\"swing\" data-animation-delay=\"03\" style=\"color:#ef9d2f;font-size:50px;display:inline-block;\">\n\t<i class=\"Defaults-pencil\"><\/i>\n<\/div><\/div><\/div><\/div><div class=\"aio-ibd-block\"><div class=\"aio-icon-header\" ><h2 class=\"aio-icon-title ult-responsive\"  data-ultimate-target='#Info-box-wrap-9030 .aio-icon-title'  data-responsive-json-new='{\"font-size\":\"desktop:25px;\",\"line-height\":\"\"}'  style=\"font-family:&#039;Exo 2&#039;;font-weight:600;color:#1f354c;\">Projekteerimise projektijuhtimine ja peaprojekteerimine<\/h2><\/div> <!-- header --><div class=\"aio-icon-description ult-responsive\"  data-ultimate-target='#Info-box-wrap-9030 .aio-icon-description'  data-responsive-json-new='{\"font-size\":\"desktop:18px;\",\"line-height\":\"\"}'  style=\"font-family:&#039;Exo 2&#039;;font-weight:200;color:#1f354c;\">Saame v\u00f5tta\u00a0enda kanda tellija lisandunud t\u00f6\u00f6koormuse. Juhime ehitust selliselt, et see p\u00fcsib eelarves ja ajakavas.<\/div> <!-- description --><\/div> <!-- aio-ibd-block --><\/div> <!-- aio-icon-box --><\/a><\/div> <!-- aio-icon-component -->[\/vc_column][vc_column width=&#8221;1\/3&#8243; css=&#8221;.vc_custom_1502177760767{padding-right: 10% !important;padding-left: 10% !important;}&#8221;]<div class=\"aio-icon-component    style_2\"><a class=\"aio-icon-box-link\" href=\"http:\/\/einsener.ee\/teenused\/#Ehituse kavandamine ja planeerimine\" ><div id=\"Info-box-wrap-7567\" class=\"aio-icon-box left-icon\" style=\"\"  ><div class=\"aio-icon-left\"><div class=\"ult-just-icon-wrapper  \"><div class=\"align-icon\" style=\"text-align:center;\">\n<div class=\"aio-icon none \"  style=\"color:#ef9d2f;font-size:50px;display:inline-block;\">\n\t<i class=\"Defaults-connectdevelop\"><\/i>\n<\/div><\/div><\/div><\/div><div class=\"aio-ibd-block\"><div class=\"aio-icon-header\" ><h2 class=\"aio-icon-title ult-responsive\"  data-ultimate-target='#Info-box-wrap-7567 .aio-icon-title'  data-responsive-json-new='{\"font-size\":\"desktop:25px;\",\"line-height\":\"\"}'  style=\"font-family:&#039;Exo 2&#039;;font-weight:600;color:#1f354c;\">Ehitise kavandamine ja planeerimine<\/h2><\/div> <!-- header --><div class=\"aio-icon-description ult-responsive\"  data-ultimate-target='#Info-box-wrap-7567 .aio-icon-description'  data-responsive-json-new='{\"font-size\":\"desktop:18px;\",\"line-height\":\"\"}'  style=\"font-family:&#039;Exo 2&#039;;font-weight:200;color:#1f354c;\">Projekteerimise planeerimine, konsultatsioonid, ehitiste projekteerimine ja kavandamine on suur osa meie igap\u00e4eva t\u00f6\u00f6st.<\/div> <!-- description --><\/div> <!-- aio-ibd-block --><\/div> <!-- aio-icon-box --><\/a><\/div> <!-- aio-icon-component -->[\/vc_column][vc_column width=&#8221;1\/3&#8243; css=&#8221;.vc_custom_1502177764075{padding-right: 10% !important;padding-left: 10% !important;}&#8221;]<div class=\"aio-icon-component    style_2\"><a class=\"aio-icon-box-link\" href=\"http:\/\/einsener.ee\/teenused\/#Tellija esindamine ja omanikuj\u00e4relevalve\" ><div id=\"Info-box-wrap-1645\" class=\"aio-icon-box left-icon\" style=\"\"  ><div class=\"aio-icon-left\"><div class=\"ult-just-icon-wrapper  \"><div class=\"align-icon\" style=\"text-align:center;\">\n<div class=\"aio-icon none \" data-animation=\"swing\" data-animation-delay=\"03\" style=\"color:#ef9d2f;font-size:50px;display:inline-block;\">\n\t<i class=\"Defaults-street-view\"><\/i>\n<\/div><\/div><\/div><\/div><div class=\"aio-ibd-block\"><div class=\"aio-icon-header\" ><h1 class=\"aio-icon-title ult-responsive\"  data-ultimate-target='#Info-box-wrap-1645 .aio-icon-title'  data-responsive-json-new='{\"font-size\":\"desktop:25px;\",\"line-height\":\"\"}'  style=\"font-family:&#039;Exo 2&#039;;font-weight:600;color:#1f354c;\">Tellija esindamine ja omanikuj\u00e4relevalve<\/h1><\/div> <!-- header --><div class=\"aio-icon-description ult-responsive\"  data-ultimate-target='#Info-box-wrap-1645 .aio-icon-description'  data-responsive-json-new='{\"font-size\":\"desktop:18px;\",\"line-height\":\"\"}'  style=\"font-family:&#039;Exo 2&#039;;font-weight:200;color:#1f354c;\">Oleme oma klientidele abiks hankekonkursside lepingul\u00e4bir\u00e4\u00e4kimistel, samuti ehitust\u00f6\u00f6v\u00f5tjatega ning teenusepakkujatega suhtlemisel.<\/div> <!-- description --><\/div> <!-- aio-ibd-block --><\/div> <!-- aio-icon-box --><\/a><\/div> <!-- aio-icon-component -->[\/vc_column][\/vc_row][vc_row full_width=&#8221;stretch_row_content&#8221; equal_height=&#8221;yes&#8221; content_placement=&#8221;bottom&#8221; enable_overlay=&#8221;enable_overlay_value&#8221; overlay_color=&#8221;rgba(31,53,76,0.8)&#8221;][vc_column width=&#8221;1\/3&#8243; css=&#8221;.vc_custom_1502177756778{padding-right: 10% !important;padding-left: 10% !important;background-position: center !important;background-repeat: no-repeat !important;background-size: contain !important;}&#8221;]<div class=\"aio-icon-component    style_2\"><a class=\"aio-icon-box-link\" href=\"http:\/\/einsener.ee\/teenused\/#Kinnisvara tehnilise seisukorra hindamine\" ><div id=\"Info-box-wrap-6895\" class=\"aio-icon-box left-icon\" style=\"\"  ><div class=\"aio-icon-left\"><div class=\"ult-just-icon-wrapper  \"><div class=\"align-icon\" style=\"text-align:center;\">\n<div class=\"aio-icon none \"  style=\"color:#ef9d2f;font-size:50px;display:inline-block;\">\n\t<i class=\"Defaults-building-o\"><\/i>\n<\/div><\/div><\/div><\/div><div class=\"aio-ibd-block\"><div class=\"aio-icon-header\" ><h2 class=\"aio-icon-title ult-responsive\"  data-ultimate-target='#Info-box-wrap-6895 .aio-icon-title'  data-responsive-json-new='{\"font-size\":\"desktop:25px;\",\"line-height\":\"\"}'  style=\"font-family:&#039;Exo 2&#039;;font-weight:600;color:#1f354c;\">Kinnisvara tehnilise seisukorra hindamine<\/h2><\/div> <!-- header --><div class=\"aio-icon-description ult-responsive\"  data-ultimate-target='#Info-box-wrap-6895 .aio-icon-description'  data-responsive-json-new='{\"font-size\":\"desktop:18px;\",\"line-height\":\"\"}'  style=\"font-family:&#039;Exo 2&#039;;font-weight:200;color:#1f354c;\">Kinnisvara tehnilise seisukorra hindamiseks tuleks kindlasti valida erapooletu hindaja.<\/div> <!-- description --><\/div> <!-- aio-ibd-block --><\/div> <!-- aio-icon-box --><\/a><\/div> <!-- aio-icon-component -->[\/vc_column][vc_column width=&#8221;1\/3&#8243; css=&#8221;.vc_custom_1502177760767{padding-right: 10% !important;padding-left: 10% !important;}&#8221;]<div class=\"aio-icon-component    style_2\"><a class=\"aio-icon-box-link\" href=\"http:\/\/einsener.ee\/teenused\/#ekspertiisid\" ><div id=\"Info-box-wrap-5314\" class=\"aio-icon-box left-icon\" style=\"\"  ><div class=\"aio-icon-left\"><div class=\"ult-just-icon-wrapper  \"><div class=\"align-icon\" style=\"text-align:center;\">\n<div class=\"aio-icon none \" data-animation=\"swing\" data-animation-delay=\"03\" style=\"color:#ef9d2f;font-size:50px;display:inline-block;\">\n\t<i class=\"Defaults-search\"><\/i>\n<\/div><\/div><\/div><\/div><div class=\"aio-ibd-block\"><div class=\"aio-icon-header\" ><h2 class=\"aio-icon-title ult-responsive\"  data-ultimate-target='#Info-box-wrap-5314 .aio-icon-title'  data-responsive-json-new='{\"font-size\":\"desktop:25px;\",\"line-height\":\"\"}'  style=\"font-family:&#039;Exo 2&#039;;font-weight:600;color:#1f354c;\">Ekspertiisid <\/h2><\/div> <!-- header --><div class=\"aio-icon-description ult-responsive\"  data-ultimate-target='#Info-box-wrap-5314 .aio-icon-description'  data-responsive-json-new='{\"font-size\":\"desktop:18px;\",\"line-height\":\"\"}'  style=\"font-family:&#039;Exo 2&#039;;font-weight:200;color:#1f354c;\">Teostame ehitiste ja ehitusprojektide ekspertiise ning ehitiste ja rajatiste auditeid.<\/div> <!-- description --><\/div> <!-- aio-ibd-block --><\/div> <!-- aio-icon-box --><\/a><\/div> <!-- aio-icon-component -->[\/vc_column][vc_column width=&#8221;1\/3&#8243; css=&#8221;.vc_custom_1502177764075{padding-right: 10% !important;padding-left: 10% !important;}&#8221;]<div class=\"aio-icon-component    style_2\"><a class=\"aio-icon-box-link\" href=\"http:\/\/einsener.ee\/teenused\/#Ehitiste legaliseerimine\" ><div id=\"Info-box-wrap-4288\" class=\"aio-icon-box left-icon\" style=\"\"  ><div class=\"aio-icon-left\"><div class=\"ult-just-icon-wrapper  \"><div class=\"align-icon\" style=\"text-align:center;\">\n<div class=\"aio-icon none \"  style=\"color:#ef9d2f;font-size:50px;display:inline-block;\">\n\t<i class=\"Defaults-shield\"><\/i>\n<\/div><\/div><\/div><\/div><div class=\"aio-ibd-block\"><div class=\"aio-icon-header\" ><h2 class=\"aio-icon-title ult-responsive\"  data-ultimate-target='#Info-box-wrap-4288 .aio-icon-title'  data-responsive-json-new='{\"font-size\":\"desktop:25px;\",\"line-height\":\"\"}'  style=\"font-family:&#039;Exo 2&#039;;font-weight:600;color:#1f354c;\">Ehitiste legaliseerimine<\/h2><\/div> <!-- header --><div class=\"aio-icon-description ult-responsive\"  data-ultimate-target='#Info-box-wrap-4288 .aio-icon-description'  data-responsive-json-new='{\"font-size\":\"desktop:18px;\",\"line-height\":\"\"}'  style=\"font-family:&#039;Exo 2&#039;;font-weight:200;color:#1f354c;\">Meie poolt vajaliku dokumentatsiooni koostamine.<\/div> <!-- description --><\/div> <!-- aio-ibd-block --><\/div> <!-- aio-icon-box --><\/a><\/div> <!-- aio-icon-component -->[\/vc_column][\/vc_row][vc_row equal_height=&#8221;yes&#8221; content_placement=&#8221;middle&#8221; enable_overlay=&#8221;enable_overlay_value&#8221; overlay_color=&#8221;rgba(31,53,76,0.8)&#8221; css=&#8221;.vc_custom_1502177573467{padding-top: 10% !important;padding-right: 10% !important;padding-bottom: 10% !important;padding-left: 10% !important;}&#8221;][vc_column css=&#8221;.vc_custom_1502176941299{background-position: center !important;background-repeat: no-repeat !important;background-size: contain !important;}&#8221;][\/vc_column][\/vc_row][vc_row full_width=&#8221;stretch_row_content&#8221; equal_height=&#8221;yes&#8221; content_placement=&#8221;middle&#8221; bg_type=&#8221;image&#8221; parallax_style=&#8221;vcpb-default&#8221; bg_image_new=&#8221;id^124|url^http:\/\/einsener.ee\/wp-content\/uploads\/2017\/07\/SMART-Build-Leica_marquee_1680x885_pic.jpg|caption^null|alt^null|title^SMART-Build-Leica_marquee_1680x885_pic|description^null&#8221; enable_overlay=&#8221;enable_overlay_value&#8221; overlay_color=&#8221;rgba(31,53,76,0.9)&#8221; css=&#8221;.vc_custom_1502187700244{padding-top: 10% !important;}&#8221;][vc_column width=&#8221;1\/2&#8243; css=&#8221;.vc_custom_1502179037205{padding-top: 10% !important;padding-right: 10% !important;padding-bottom: 10% !important;padding-left: 10% !important;background-position: center !important;background-repeat: no-repeat !important;background-size: contain !important;}&#8221;]<div id=\"ultimate-heading-947469e3583a1fe3b\" class=\"uvc-heading ult-adjust-bottom-margin ultimate-heading-947469e3583a1fe3b uvc-5180 \" data-hspacer=\"no_spacer\"  data-halign=\"left\" style=\"text-align:left\"><div class=\"uvc-heading-spacer no_spacer\" style=\"top\"><\/div><div class=\"uvc-main-heading ult-responsive\"  data-ultimate-target='.uvc-heading.ultimate-heading-947469e3583a1fe3b h2'  data-responsive-json-new='{\"font-size\":\"desktop:60px;tablet:30px;tablet_portrait:30px;mobile_landscape:30px;mobile:30px;\",\"line-height\":\"\"}' ><h2 style=\"font-family:&#039;Exo 2&#039;;font-weight:600;color:#ffffff;\">Kontakt<\/h2><\/div><div class=\"uvc-sub-heading ult-responsive\"  data-ultimate-target='.uvc-heading.ultimate-heading-947469e3583a1fe3b .uvc-sub-heading '  data-responsive-json-new='{\"font-size\":\"desktop:20px;tablet:15px;tablet_portrait:15px;mobile_landscape:15px;mobile:15px;\",\"line-height\":\"\"}'  style=\"font-family:&#039;Exo 2&#039;;font-weight:200;color:#ffffff;\">K\u00fcsimuste korral v\u00f5tke meiega \u00fchendust<\/div><\/div>[vc_empty_space height=&#8221;50px&#8221;]<div class=\"aio-icon-component    style_1\"><div id=\"Info-box-wrap-9077\" class=\"aio-icon-box left-icon\" style=\"\"  ><div class=\"aio-icon-left\"><div class=\"ult-just-icon-wrapper  \"><div class=\"align-icon\" style=\"text-align:center;\">\n<div class=\"aio-icon none \"  style=\"color:#ef9d2f;font-size:50px;display:inline-block;\">\n\t<i class=\"Defaults-mobile mobile-phone\"><\/i>\n<\/div><\/div><\/div><\/div><div class=\"aio-ibd-block\"><div class=\"aio-icon-header\" ><h3 class=\"aio-icon-title ult-responsive\"  data-ultimate-target='#Info-box-wrap-9077 .aio-icon-title'  data-responsive-json-new='{\"font-size\":\"desktop:20px;\",\"line-height\":\"\"}'  style=\"font-family:&#039;Exo 2&#039;;font-weight:600;color:#ffffff;\">\u00dcldkontaktid<\/h3><\/div> <!-- header --><div class=\"aio-icon-description ult-responsive\"  data-ultimate-target='#Info-box-wrap-9077 .aio-icon-description'  data-responsive-json-new='{\"font-size\":\"desktop:18px;\",\"line-height\":\"\"}'  style=\"font-family:&#039;Exo 2&#039;;font-weight:300;color:#ffffff;\">EHITUSINSENER O\u00dc<br \/>\nRegistrikood: 12481341<br \/>\nKontor: J\u00e4rvevana tee 9f (3.korrus)<br \/>\nE-mail: info@einsener.ee<\/div> <!-- description --><\/div> <!-- aio-ibd-block --><\/div> <!-- aio-icon-box --><\/div> <!-- aio-icon-component --><div class=\"aio-icon-component    style_1\"><div id=\"Info-box-wrap-9121\" class=\"aio-icon-box left-icon\" style=\"\"  ><div class=\"aio-icon-left\"><div class=\"ult-just-icon-wrapper  \"><div class=\"align-icon\" style=\"text-align:center;\">\n<div class=\"aio-icon none \"  style=\"color:#ef9d2f;font-size:50px;display:inline-block;\">\n\t<i class=\"Defaults-mobile mobile-phone\"><\/i>\n<\/div><\/div><\/div><\/div><div class=\"aio-ibd-block\"><div class=\"aio-icon-header\" ><h3 class=\"aio-icon-title ult-responsive\"  data-ultimate-target='#Info-box-wrap-9121 .aio-icon-title'  data-responsive-json-new='{\"font-size\":\"desktop:20px;\",\"line-height\":\"\"}'  style=\"font-family:&#039;Exo 2&#039;;font-weight:600;color:#ffffff;\">Marten Ilves<\/h3><\/div> <!-- header --><div class=\"aio-icon-description ult-responsive\"  data-ultimate-target='#Info-box-wrap-9121 .aio-icon-description'  data-responsive-json-new='{\"font-size\":\"desktop:18px;\",\"line-height\":\"\"}'  style=\"font-family:&#039;Exo 2&#039;;font-weight:300;color:#ffffff;\"><strong>Projektijuht \/ Juhatuse liige<\/strong><br \/>\nTelefon: (+372) 533 22 598<br \/>\nE-mail: marten@einsener.ee<\/div> <!-- description --><\/div> <!-- aio-ibd-block --><\/div> <!-- aio-icon-box --><\/div> <!-- aio-icon-component --><div class=\"aio-icon-component    style_1\"><div id=\"Info-box-wrap-7626\" class=\"aio-icon-box left-icon\" style=\"\"  ><div class=\"aio-icon-left\"><div class=\"ult-just-icon-wrapper  \"><div class=\"align-icon\" style=\"text-align:center;\">\n<div class=\"aio-icon none \"  style=\"color:#ef9d2f;font-size:50px;display:inline-block;\">\n\t<i class=\"Defaults-mobile mobile-phone\"><\/i>\n<\/div><\/div><\/div><\/div><div class=\"aio-ibd-block\"><div class=\"aio-icon-header\" ><h3 class=\"aio-icon-title ult-responsive\"  data-ultimate-target='#Info-box-wrap-7626 .aio-icon-title'  data-responsive-json-new='{\"font-size\":\"desktop:20px;\",\"line-height\":\"\"}'  style=\"font-family:&#039;Exo 2&#039;;font-weight:600;color:#ffffff;\">Tanel Seppel<\/h3><\/div> <!-- header --><div class=\"aio-icon-description ult-responsive\"  data-ultimate-target='#Info-box-wrap-7626 .aio-icon-description'  data-responsive-json-new='{\"font-size\":\"desktop:18px;\",\"line-height\":\"\"}'  style=\"font-family:&#039;Exo 2&#039;;font-weight:300;color:#ffffff;\"><strong>Projektijuht \/ Juhatuse liige<\/strong><br \/>\nTelefon: (+372) 5143514<br \/>\nE-mail: tanel@einsener.ee<\/div> <!-- description --><\/div> <!-- aio-ibd-block --><\/div> <!-- aio-icon-box --><\/div> <!-- aio-icon-component -->[\/vc_column][vc_column width=&#8221;1\/2&#8243; css=&#8221;.vc_custom_1502179042641{padding-top: 10% !important;padding-right: 10% !important;padding-bottom: 10% !important;padding-left: 10% !important;}&#8221;][vc_gmaps link=&#8221;#E-8_JTNDaWZyYW1lJTIwc3JjJTNEJTIyaHR0cHMlM0ElMkYlMkZ3d3cuZ29vZ2xlLmNvbSUyRm1hcHMlMkZlbWJlZCUzRnBiJTNEJTIxMW0xOCUyMTFtMTIlMjExbTMlMjExZDIwMzAuODM1NTAzNTA5MTYxNSUyMTJkMjQuNzMxNDYwOTE2MDc1MjY3JTIxM2Q1OS40MDI0NTY4ODE2ODQ0NjUlMjEybTMlMjExZjAlMjEyZjAlMjEzZjAlMjEzbTIlMjExaTEwMjQlMjEyaTc2OCUyMTRmMTMuMSUyMTNtMyUyMTFtMiUyMTFzMHg0NjkyOTRjMzU4Y2YxNWQxJTI1M0EweDIxN2JhNTRmZDAzMzg3OGUlMjEyc0olMjVDMyUyNUE0cnZldmFuYSUyQnRlZSUyQjlmJTI1MkMlMkIxMTMxNCUyQlRhbGxpbm4lMjE1ZTAlMjEzbTIlMjExc2V0JTIxMnNlZSUyMTR2MTUwMDk4NjgyOTI0NCUyMiUyMHdpZHRoJTNEJTIyMTkyMCUyMiUyMGhlaWdodCUzRCUyMjcwMCUyMiUyMGZyYW1lYm9yZGVyJTNEJTIyMCUyMiUyMHN0eWxlJTNEJTIyYm9yZGVyJTNBMCUyMiUyMGFsbG93ZnVsbHNjcmVlbiUzRSUzQyUyRmlmcmFtZSUzRQ==&#8221; size=&#8221;&#8221;][\/vc_column][\/vc_row]<\/p>\n<\/div>","protected":false},"excerpt":{"rendered":"<p>[vc_row full_width=&#8221;stretch_row_content&#8221; bg_type=&#8221;image&#8221; parallax_style=&#8221;vcpb-default&#8221; bg_image_new=&#8221;id^483|url^http:\/\/einsener.ee\/wp-content\/uploads\/2017\/07\/Insenerteenused-1.jpg|caption^null|alt^null|title^Insenerteenused|description^null&#8221; css=&#8221;.vc_custom_1502175016716{padding-top: 10% !important;padding-right: 20% !important;padding-bottom: 10% !important;padding-left: 20% !important;}&#8221;][vc_column][vc_row_inner css=&#8221;.vc_custom_1501058099747{padding-bottom: 5% !important;}&#8221;][vc_column_inner width=&#8221;1\/2&#8243;][vc_empty_space height=&#8221;30px&#8221;][\/vc_column_inner][vc_column_inner width=&#8221;1\/2&#8243;][\/vc_column_inner][\/vc_row_inner][\/vc_column][\/vc_row][vc_row equal_height=&#8221;yes&#8221; content_placement=&#8221;middle&#8221; enable_overlay=&#8221;enable_overlay_value&#8221; overlay_color=&#8221;rgba(31,53,76,0.8)&#8221; css=&#8221;.vc_custom_1502177573467{padding-top: 10% !important;padding-right: 10% !important;padding-bottom: 10% !important;padding-left: 10% !important;}&#8221;][vc_column css=&#8221;.vc_custom_1502176941299{background-position: center !important;background-repeat: no-repeat !important;background-size: contain !important;}&#8221;][\/vc_column][\/vc_row][vc_row full_width=&#8221;stretch_row_content&#8221; equal_height=&#8221;yes&#8221; content_placement=&#8221;bottom&#8221; enable_overlay=&#8221;enable_overlay_value&#8221; overlay_color=&#8221;rgba(31,53,76,0.8)&#8221;][vc_column width=&#8221;1\/3&#8243; css=&#8221;.vc_custom_1502177756778{padding-right: 10% !important;padding-left: 10% !important;background-position: center !important;background-repeat: no-repeat !important;background-size: &hellip; <a href=\"https:\/\/www.einsener.ee\/en\/\" class=\"more-link\">Continue reading <span class=\"screen-reader-text\">Avaleht<\/span><\/a><\/p>\n","protected":false},"author":1,"featured_media":0,"parent":0,"menu_order":0,"comment_status":"closed","ping_status":"closed","template":"full-width-page.php","meta":{"footnotes":""},"_links":{"self":[{"href":"https:\/\/www.einsener.ee\/en\/wp-json\/wp\/v2\/pages\/731"}],"collection":[{"href":"https:\/\/www.einsener.ee\/en\/wp-json\/wp\/v2\/pages"}],"about":[{"href":"https:\/\/www.einsener.ee\/en\/wp-json\/wp\/v2\/types\/page"}],"author":[{"embeddable":true,"href":"https:\/\/www.einsener.ee\/en\/wp-json\/wp\/v2\/users\/1"}],"replies":[{"embeddable":true,"href":"https:\/\/www.einsener.ee\/en\/wp-json\/wp\/v2\/comments?post=731"}],"version-history":[{"count":3,"href":"https:\/\/www.einsener.ee\/en\/wp-json\/wp\/v2\/pages\/731\/revisions"}],"predecessor-version":[{"id":947,"href":"https:\/\/www.einsener.ee\/en\/wp-json\/wp\/v2\/pages\/731\/revisions\/947"}],"wp:attachment":[{"href":"https:\/\/www.einsener.ee\/en\/wp-json\/wp\/v2\/media?parent=731"}],"curies":[{"name":"wp","href":"https:\/\/api.w.org\/{rel}","templated":true}]}}